{"id":109,"date":"2026-01-13T17:28:39","date_gmt":"2026-01-13T16:28:39","guid":{"rendered":"https:\/\/francais2.com\/?page_id=109"},"modified":"2026-03-18T14:11:59","modified_gmt":"2026-03-18T13:11:59","slug":"a-propos","status":"publish","type":"page","link":"https:\/\/francais2.com\/?page_id=109","title":{"rendered":"A Propos"},"content":{"rendered":"\n<p class=\"has-medium-font-size\">Je m&#8217;appelle Oualid Lakhrouti et j&#8217;ai 40 ans de <strong><em>rabat <\/em><\/strong>le maroc, j&#8217;ai \u00e9labor\u00e9 ce Site web pour aider les gens dans le monde entier a decouvrir la <strong><em>culture francaise <\/em><\/strong>, en suivant des cours de francais a travers ce que j&#8217;ai appris dans ma carri\u00e8re dans le domaine des centres d&#8217;appels , et je suis tr\u00e8s heureux d&#8217;\u00eatre ici sur <strong><em>Francais2.com<\/em><\/strong> , merci de me suivre dans le monde.<\/p>\n\n\n\n<p class=\"has-medium-font-size\">Email de Contact : <strong>oualid0074@gmail.com<\/strong><\/p>\n\n\n\n<p class=\"has-medium-font-size\">\u2705 <strong>En r\u00e9sum\u00e9 :<\/strong><br>Francais2.com est un <strong>petit site \u00e9ducatif et informatif<\/strong> qui publie des articles et du contenu pour aider les internautes \u00e0 <strong>apprendre et pratiquer la langue fran\u00e7aise<\/strong>.<\/p>\n\n\n\n<p><\/p>\n\n\n\n<script async src=\"https:\/\/pagead2.googlesyndication.com\/pagead\/js\/adsbygoogle.js?client=ca-pub-6355183749387309\"\n     crossorigin=\"anonymous\"><\/script>\n<ins class=\"adsbygoogle\"\n     style=\"display:block; text-align:center;\"\n     data-ad-layout=\"in-article\"\n     data-ad-format=\"fluid\"\n     data-ad-client=\"ca-pub-6355183749387309\"\n     data-ad-slot=\"8560984745\"><\/ins>\n<script>\n     (adsbygoogle = window.adsbygoogle || []).push({});\n<\/script>\n\n\n\n<script async src=\"https:\/\/pagead2.googlesyndication.com\/pagead\/js\/adsbygoogle.js?client=ca-pub-6355183749387309\"\n     crossorigin=\"anonymous\"><\/script>\n<ins class=\"adsbygoogle\"\n     style=\"display:block\"\n     data-ad-format=\"fluid\"\n     data-ad-layout-key=\"-eb+6k-30-ac+ty\"\n     data-ad-client=\"ca-pub-6355183749387309\"\n     data-ad-slot=\"9085225786\"><\/ins>\n<script>\n     (adsbygoogle = window.adsbygoogle || []).push({});\n<\/script>\n","protected":false},"excerpt":{"rendered":"<p>Je m&#8217;appelle Oualid Lakhrouti et j&#8217;ai 40 ans de rabat le maroc, j&#8217;ai \u00e9labor\u00e9 ce Site web pour aider les gens dans le monde entier a decouvrir la culture francaise , en suivant des cours de francais a travers ce que j&#8217;ai appris dans ma carri\u00e8re dans le domaine des centres d&#8217;appels , et je<\/p>\n","protected":false},"author":1,"featured_media":0,"parent":0,"menu_order":0,"comment_status":"closed","ping_status":"open","template":"","meta":{"googlesitekit_rrm_CAows9bFDA:productID":"","footnotes":""},"class_list":["post-109","page","type-page","status-publish","hentry"],"aioseo_notices":[],"_links":{"self":[{"href":"https:\/\/francais2.com\/index.php?rest_route=\/wp\/v2\/pages\/109","targetHints":{"allow":["GET"]}}],"collection":[{"href":"https:\/\/francais2.com\/index.php?rest_route=\/wp\/v2\/pages"}],"about":[{"href":"https:\/\/francais2.com\/index.php?rest_route=\/wp\/v2\/types\/page"}],"author":[{"embeddable":true,"href":"https:\/\/francais2.com\/index.php?rest_route=\/wp\/v2\/users\/1"}],"replies":[{"embeddable":true,"href":"https:\/\/francais2.com\/index.php?rest_route=%2Fwp%2Fv2%2Fcomments&post=109"}],"version-history":[{"count":2,"href":"https:\/\/francais2.com\/index.php?rest_route=\/wp\/v2\/pages\/109\/revisions"}],"predecessor-version":[{"id":1141,"href":"https:\/\/francais2.com\/index.php?rest_route=\/wp\/v2\/pages\/109\/revisions\/1141"}],"wp:attachment":[{"href":"https:\/\/francais2.com\/index.php?rest_route=%2Fwp%2Fv2%2Fmedia&parent=109"}],"curies":[{"name":"wp","href":"https:\/\/api.w.org\/{rel}","templated":true}]}}