{"id":33,"date":"2026-01-12T09:48:42","date_gmt":"2026-01-12T08:48:42","guid":{"rendered":"https:\/\/francais2.com\/?page_id=33"},"modified":"2026-03-17T13:52:39","modified_gmt":"2026-03-17T12:52:39","slug":"grammaire","status":"publish","type":"page","link":"https:\/\/francais2.com\/?page_id=33","title":{"rendered":"Les bases de la grammaire fran\u00e7aise"},"content":{"rendered":"\n<center><iframe width=\"560\" height=\"315\"  title=\"YouTube video player\" frameborder=\"0\" allow=\"accelerometer; autoplay; clipboard-write; encrypted-media; gyroscope; picture-in-picture; web-share\" referrerpolicy=\"strict-origin-when-cross-origin\" allowfullscreen class=\"lws-optimize-lazyload\" data-src=\"https:\/\/www.youtube.com\/embed\/ujDtm0hZyII?si=ButRwBsoo4fC7iBz\"><\/iframe>\n<\/center>\n\n\n\n<p class=\"has-medium-font-size\">La grammaire fran\u00e7aise constitue l\u2019ensemble des r\u00e8gles qui permettent de comprendre, de parler et d\u2019\u00e9crire correctement la langue fran\u00e7aise. Elle est essentielle pour assurer une communication claire, pr\u00e9cise et coh\u00e9rente. Ma\u00eetriser ses bases est indispensable aussi bien \u00e0 l\u2019oral qu\u2019\u00e0 l\u2019\u00e9crit.<\/p>\n\n\n\n<p class=\"has-medium-font-size\">La phrase est l\u2019unit\u00e9 fondamentale de la grammaire. Elle se compose g\u00e9n\u00e9ralement d\u2019un <strong>sujet<\/strong> et d\u2019un <strong>verbe<\/strong>, et peut \u00eatre compl\u00e9t\u00e9e par des compl\u00e9ments. Le sujet indique qui fait l\u2019action, tandis que le verbe exprime l\u2019action ou l\u2019\u00e9tat. Par exemple : <em>L\u2019\u00e9l\u00e8ve apprend<\/em>. Une phrase peut \u00eatre d\u00e9clarative, interrogative, exclamative ou imp\u00e9rative, selon l\u2019intention du locuteur.<\/p>\n\n\n\n<p class=\"has-medium-font-size\">Les <strong>classes grammaticales<\/strong>, aussi appel\u00e9es natures des mots, sont un autre pilier de la grammaire. On distingue notamment les noms, les d\u00e9terminants, les adjectifs, les verbes, les pronoms, les adverbes, les pr\u00e9positions et les conjonctions. Chaque cat\u00e9gorie a un r\u00f4le pr\u00e9cis. Le nom d\u00e9signe une personne, un objet ou une id\u00e9e ; l\u2019adjectif qualifie le nom ; le d\u00e9terminant l\u2019accompagne pour en pr\u00e9ciser le sens.<\/p>\n\n\n\n<p class=\"has-medium-font-size\">La <strong>conjugaison<\/strong> occupe une place centrale. Les verbes se conjuguent selon le temps (pr\u00e9sent, pass\u00e9, futur), le mode (indicatif, subjonctif, imp\u00e9ratif, conditionnel) et la personne. Le respect de la concordance des temps est essentiel pour assurer la coh\u00e9rence du discours.<\/p>\n\n\n\n<p class=\"has-medium-font-size\">L\u2019<strong>accord<\/strong> est \u00e9galement fondamental en fran\u00e7ais. Le nom s\u2019accorde en genre et en nombre avec le d\u00e9terminant et l\u2019adjectif, tandis que le verbe s\u2019accorde avec son sujet. Les r\u00e8gles d\u2019accord, bien que parfois complexes, contribuent \u00e0 la pr\u00e9cision de la langue.<\/p>\n\n\n\n<p class=\"has-medium-font-size\">Enfin, la <strong>syntaxe<\/strong>, qui \u00e9tudie l\u2019ordre des mots dans la phrase, permet de structurer correctement les id\u00e9es. Une bonne ma\u00eetrise de la grammaire fran\u00e7aise facilite la compr\u00e9hension des textes, am\u00e9liore l\u2019expression \u00e9crite et orale, et renforce la confiance dans l\u2019usage de la langue au quotidien.<\/p>\n\n\n\n\n<script async src=\"https:\/\/pagead2.googlesyndication.com\/pagead\/js\/adsbygoogle.js?client=ca-pub-6355183749387309\"\n     crossorigin=\"anonymous\"><\/script>\n<ins class=\"adsbygoogle\"\n     style=\"display:block; text-align:center;\"\n     data-ad-layout=\"in-article\"\n     data-ad-format=\"fluid\"\n     data-ad-client=\"ca-pub-6355183749387309\"\n     data-ad-slot=\"8560984745\"><\/ins>\n<script>\n     (adsbygoogle = window.adsbygoogle || []).push({});\n<\/script>\n\n\n\n\n<script async src=\"https:\/\/pagead2.googlesyndication.com\/pagead\/js\/adsbygoogle.js?client=ca-pub-6355183749387309\"\n     crossorigin=\"anonymous\"><\/script>\n<ins class=\"adsbygoogle\"\n     style=\"display:block\"\n     data-ad-format=\"fluid\"\n     data-ad-layout-key=\"-eb+6k-30-ac+ty\"\n     data-ad-client=\"ca-pub-6355183749387309\"\n     data-ad-slot=\"9085225786\"><\/ins>\n<script>\n     (adsbygoogle = window.adsbygoogle || []).push({});\n<\/script>\n\n","protected":false},"excerpt":{"rendered":"<p>La grammaire fran\u00e7aise constitue l\u2019ensemble des r\u00e8gles qui permettent de comprendre, de parler et d\u2019\u00e9crire correctement la langue fran\u00e7aise. Elle est essentielle pour assurer une communication claire, pr\u00e9cise et coh\u00e9rente. Ma\u00eetriser ses bases est indispensable aussi bien \u00e0 l\u2019oral qu\u2019\u00e0 l\u2019\u00e9crit. La phrase est l\u2019unit\u00e9 fondamentale de la grammaire. Elle se compose g\u00e9n\u00e9ralement d\u2019un sujet<\/p>\n","protected":false},"author":1,"featured_media":0,"parent":0,"menu_order":0,"comment_status":"closed","ping_status":"open","template":"","meta":{"googlesitekit_rrm_CAows9bFDA:productID":"","footnotes":""},"class_list":["post-33","page","type-page","status-publish","hentry"],"aioseo_notices":[],"_links":{"self":[{"href":"https:\/\/francais2.com\/index.php?rest_route=\/wp\/v2\/pages\/33","targetHints":{"allow":["GET"]}}],"collection":[{"href":"https:\/\/francais2.com\/index.php?rest_route=\/wp\/v2\/pages"}],"about":[{"href":"https:\/\/francais2.com\/index.php?rest_route=\/wp\/v2\/types\/page"}],"author":[{"embeddable":true,"href":"https:\/\/francais2.com\/index.php?rest_route=\/wp\/v2\/users\/1"}],"replies":[{"embeddable":true,"href":"https:\/\/francais2.com\/index.php?rest_route=%2Fwp%2Fv2%2Fcomments&post=33"}],"version-history":[{"count":2,"href":"https:\/\/francais2.com\/index.php?rest_route=\/wp\/v2\/pages\/33\/revisions"}],"predecessor-version":[{"id":1094,"href":"https:\/\/francais2.com\/index.php?rest_route=\/wp\/v2\/pages\/33\/revisions\/1094"}],"wp:attachment":[{"href":"https:\/\/francais2.com\/index.php?rest_route=%2Fwp%2Fv2%2Fmedia&parent=33"}],"curies":[{"name":"wp","href":"https:\/\/api.w.org\/{rel}","templated":true}]}}