{"id":393,"date":"2026-02-12T09:48:30","date_gmt":"2026-02-12T08:48:30","guid":{"rendered":"https:\/\/francais2.com\/?page_id=393"},"modified":"2026-03-15T21:52:24","modified_gmt":"2026-03-15T20:52:24","slug":"services","status":"publish","type":"page","link":"https:\/\/francais2.com\/?page_id=393","title":{"rendered":"Services"},"content":{"rendered":"\n<p class=\"has-medium-font-size\">Bonjour , je m&#8217;appelle Oualid Lakhrouti, je suis webmaster du Maroc , je mets en vente mes 5  services et j&#8217;esp\u00e8re que vous aller aimer , il s&#8217;agit de :<\/p>\n\n\n\n<p class=\"has-medium-font-size\">1 &#8211; r\u00e9f\u00e9rencement de votre Site web aupr\u00e8s de Google.<br>2 &#8211; Je vous envoie 6000 Visiteurs cibl\u00e9s sur votre site web.<br>3- Je vous envoi La liste des Meta tags pro , pour votre site web pour l&#8217;ins\u00e9rer entre<br>les balises Head de votre site.<\/p>\n\n\n\n<p class=\"has-medium-font-size\">4- Je vous envoie un exemple de CV professionelle.<\/p>\n\n\n\n<p class=\"has-medium-font-size\">5- je mets en soumission votre site web \u00e0 376 moteurs de rechercheS mondial.<\/p>\n\n\n\n<p class=\"has-medium-font-size\">6 &#8211; + 200 Backlinks vers votre site web .<\/p>\n\n\n\n<p class=\"has-medium-font-size\"><strong>Le prix de ce service est de : 12,50 dollars seulement , et le paiement se fait par Paypal , apr\u00e8s r\u00e9ception de votre comande , si vous \u00eates interess\u00e9 merci de me contacter sur mon email.<\/strong><\/p>\n\n\n\n<p class=\"has-medium-font-size\">Merci .<\/p>\n\n\n\n<hr style=\"height:2px;border-width:0;color:gray;background-color:gray\">\n\n\n\n<p class=\"has-large-font-size\"><strong>Affiliation products :<\/strong> <strong>ClickFunnels<\/strong> : <\/p>\n\n\n\n<p class=\"has-medium-font-size\"><strong>ClickFunnels<\/strong> est une plateforme SaaS am\u00e9ricaine fond\u00e9e par Russell Brunson, sp\u00e9cialis\u00e9e dans la cr\u00e9ation de tunnels de vente performants. Elle permet aux entrepreneurs, e-commer\u00e7ants et infopreneurs de concevoir des pages de capture, pages de vente et automatisations marketing sans comp\u00e9tences techniques. Gr\u00e2ce \u00e0 ses outils d\u2019emailing, d\u2019A\/B testing et d\u2019int\u00e9gration CRM, ClickFunnels optimise la conversion et le chiffre d\u2019affaires en ligne.<\/p>\n\n\n\n<p class=\"has-medium-font-size\"><strong>Sevices en Ventes de la soci\u00e9t\u00e9 , merci de prendre Un : <\/strong><\/p>\n\n\n\n<p>ClickFunnels Free Trial :    <a href=\"https:\/\/www.clickfunnels.com\/signup-flow?aff=e0319caa4375e4538c8be7df875c0b60ac8a66df55f01421a0549b3be81636aa\" target=\"_blank\" rel=\"noopener\" title=\"\">Service1<\/a><\/p>\n\n\n\n<p>One Funnel Away Challenge :   <a href=\"https:\/\/www.onefunnelaway.com\/?aff=e0319caa4375e4538c8be7df875c0b60ac8a66df55f01421a0549b3be81636aa\" target=\"_blank\" rel=\"noopener\" title=\"\">Service2<\/a><\/p>\n\n\n\n<p>PLR Funnels :  <a href=\"https:\/\/www.plrfunnels.com\/plr?aff=e0319caa4375e4538c8be7df875c0b60ac8a66df55f01421a0549b3be81636aa\" target=\"_blank\" rel=\"noopener\" title=\"\">Service3<\/a><\/p>\n\n\n\n<p>3 Months of ClickFunnels for $99 :    <a href=\"https:\/\/www.clickfunnels.com\/3-months-for-99?aff=e0319caa4375e4538c8be7df875c0b60ac8a66df55f01421a0549b3be81636aa\" target=\"_blank\" rel=\"noopener\" title=\"\">Service4<\/a><\/p>\n\n\n\n<p>Im All In &#8211; Funnel Builder Secrets Offer  :    <a href=\"https:\/\/www.imallin.com\/?aff=e0319caa4375e4538c8be7df875c0b60ac8a66df55f01421a0549b3be81636aa\" target=\"_blank\" rel=\"noopener\" title=\"\">Service5<\/a><\/p>\n\n\n\n<script async src=\"https:\/\/pagead2.googlesyndication.com\/pagead\/js\/adsbygoogle.js?client=ca-pub-6355183749387309\"\n     crossorigin=\"anonymous\"><\/script>\n<ins class=\"adsbygoogle\"\n     style=\"display:block; text-align:center;\"\n     data-ad-layout=\"in-article\"\n     data-ad-format=\"fluid\"\n     data-ad-client=\"ca-pub-6355183749387309\"\n     data-ad-slot=\"8560984745\"><\/ins>\n<script>\n     (adsbygoogle = window.adsbygoogle || []).push({});\n<\/script>\n\n\n\n\n\n<script async src=\"https:\/\/pagead2.googlesyndication.com\/pagead\/js\/adsbygoogle.js?client=ca-pub-6355183749387309\"\n     crossorigin=\"anonymous\"><\/script>\n<ins class=\"adsbygoogle\"\n     style=\"display:block\"\n     data-ad-format=\"fluid\"\n     data-ad-layout-key=\"-eb+6k-30-ac+ty\"\n     data-ad-client=\"ca-pub-6355183749387309\"\n     data-ad-slot=\"9085225786\"><\/ins>\n<script>\n     (adsbygoogle = window.adsbygoogle || []).push({});\n<\/script>\n\n\n\n<hr style=\"height:2px;border-width:0;color:gray;background-color:gray\">\n\n\n\n<p><strong>Un <strong>backlink<\/strong> est un <strong>lien plac\u00e9 sur un site web qui pointe vers un autre site<\/strong>. En r\u00e9f\u00e9rencement naturel (SEO), les backlinks sont importants car ils signalent aux moteurs de recherche, comme Google, que le contenu d\u2019un site est pertinent et digne de confiance. Plus un site re\u00e7oit de liens de qualit\u00e9 provenant d\u2019autres sites, plus il peut am\u00e9liorer sa <strong>visibilit\u00e9 et son positionnement dans les r\u00e9sultats de recherche<\/strong>. \ud83d\udd17\ud83d\udcc8<\/strong><\/p>\n\n\n\n<ul class=\"wp-block-list\">\n<li class=\"has-medium-font-size\"><strong>Je met a votre disposition 1000 Backlink pour votre site web pour 6 dollars seulement .<\/strong><\/li>\n<\/ul>\n\n\n\n<p><\/p>\n","protected":false},"excerpt":{"rendered":"<p>Bonjour , je m&#8217;appelle Oualid Lakhrouti, je suis webmaster du Maroc , je mets en vente mes 5 services et j&#8217;esp\u00e8re que vous aller aimer , il s&#8217;agit de : 1 &#8211; r\u00e9f\u00e9rencement de votre Site web aupr\u00e8s de Google.2 &#8211; Je vous envoie 6000 Visiteurs cibl\u00e9s sur votre site web.3- Je vous envoi La<\/p>\n","protected":false},"author":1,"featured_media":0,"parent":0,"menu_order":0,"comment_status":"closed","ping_status":"open","template":"","meta":{"googlesitekit_rrm_CAows9bFDA:productID":"","footnotes":""},"class_list":["post-393","page","type-page","status-publish","hentry"],"aioseo_notices":[],"_links":{"self":[{"href":"https:\/\/francais2.com\/index.php?rest_route=\/wp\/v2\/pages\/393","targetHints":{"allow":["GET"]}}],"collection":[{"href":"https:\/\/francais2.com\/index.php?rest_route=\/wp\/v2\/pages"}],"about":[{"href":"https:\/\/francais2.com\/index.php?rest_route=\/wp\/v2\/types\/page"}],"author":[{"embeddable":true,"href":"https:\/\/francais2.com\/index.php?rest_route=\/wp\/v2\/users\/1"}],"replies":[{"embeddable":true,"href":"https:\/\/francais2.com\/index.php?rest_route=%2Fwp%2Fv2%2Fcomments&post=393"}],"version-history":[{"count":6,"href":"https:\/\/francais2.com\/index.php?rest_route=\/wp\/v2\/pages\/393\/revisions"}],"predecessor-version":[{"id":1022,"href":"https:\/\/francais2.com\/index.php?rest_route=\/wp\/v2\/pages\/393\/revisions\/1022"}],"wp:attachment":[{"href":"https:\/\/francais2.com\/index.php?rest_route=%2Fwp%2Fv2%2Fmedia&parent=393"}],"curies":[{"name":"wp","href":"https:\/\/api.w.org\/{rel}","templated":true}]}}