{"id":54,"date":"2026-01-12T18:46:43","date_gmt":"2026-01-12T17:46:43","guid":{"rendered":"https:\/\/francais2.com\/?page_id=54"},"modified":"2026-03-17T13:39:33","modified_gmt":"2026-03-17T12:39:33","slug":"expressionecrite","status":"publish","type":"page","link":"https:\/\/francais2.com\/?page_id=54","title":{"rendered":"Expression \u00e9crite : Education"},"content":{"rendered":"\n<p class=\"has-medium-font-size\"><em><strong>L\u2019\u00e9ducation <\/strong><\/em>occupe une place essentielle dans la vie de chaque <em><strong>individu<\/strong><\/em>. Elle commence d\u00e8s l\u2019enfance, au sein de la famille, puis se d\u00e9veloppe \u00e0 l\u2019\u00e9cole et tout au long de la vie. Gr\u00e2ce \u00e0 l\u2019\u00e9ducation, une personne apprend non seulement \u00e0 lire, \u00e9crire et compter, mais aussi \u00e0 comprendre le monde qui l\u2019entoure.<\/p>\n\n\n\n<p class=\"has-medium-font-size\">\u00c0 l\u2019\u00e9cole, l\u2019\u00e9ducation permet d\u2019acqu\u00e9rir des connaissances dans diff\u00e9rents domaines comme les langues, les sciences, l\u2019histoire ou encore les <strong><em>math\u00e9matiques<\/em><\/strong>. Ces savoirs sont importants, car ils aident les \u00e9l\u00e8ves \u00e0 d\u00e9velopper leur r\u00e9flexion et leur esprit critique. Une personne \u00e9duqu\u00e9e est capable d\u2019analyser les informations, de poser des questions et de prendre des d\u00e9cisions r\u00e9fl\u00e9chies.<\/p>\n\n\n\n<p class=\"has-medium-font-size\">L\u2019\u00e9ducation joue \u00e9galement un r\u00f4le fondamental dans la vie sociale. Elle enseigne des valeurs comme le respect, la tol\u00e9rance et la <strong><em>solidarit\u00e9<\/em><\/strong>. \u00c0 travers l\u2019\u00e9ducation, on apprend \u00e0 vivre avec les autres, \u00e0 accepter les diff\u00e9rences et \u00e0 r\u00e9soudre les conflits de mani\u00e8re pacifique. Ces qualit\u00e9s sont indispensables pour construire une soci\u00e9t\u00e9 juste et \u00e9quilibr\u00e9e.<\/p>\n\n\n\n<p class=\"has-medium-font-size\">Dans le monde du travail, l\u2019\u00e9ducation est un atout majeur. Elle permet d\u2019acc\u00e9der \u00e0 un emploi, de d\u00e9velopper des comp\u00e9tences professionnelles et d\u2019\u00e9voluer dans sa carri\u00e8re. Aujourd\u2019hui, dans un monde en constante \u00e9volution, apprendre tout au long de la vie est devenu n\u00e9cessaire. Les nouvelles technologies et les changements <em><strong>\u00e9conomiques <\/strong><\/em>obligent chacun \u00e0 s\u2019adapter et \u00e0 se former r\u00e9guli\u00e8rement.<\/p>\n\n\n\n<p class=\"has-medium-font-size\">Enfin, l\u2019\u00e9ducation contribue au d\u00e9veloppement personnel. Elle aide \u00e0 gagner en confiance, \u00e0 mieux s\u2019exprimer et \u00e0 atteindre ses objectifs. Une personne instruite a plus de chances de r\u00e9aliser ses r\u00eaves et de participer activement \u00e0 la vie de son pays. Ainsi, l\u2019\u00e9ducation n\u2019est pas seulement un droit, mais aussi une cl\u00e9 essentielle pour un avenir meilleur.<\/p>\n\n\n\n\n<script async src=\"https:\/\/pagead2.googlesyndication.com\/pagead\/js\/adsbygoogle.js?client=ca-pub-6355183749387309\"\n     crossorigin=\"anonymous\"><\/script>\n<ins class=\"adsbygoogle\"\n     style=\"display:block; text-align:center;\"\n     data-ad-layout=\"in-article\"\n     data-ad-format=\"fluid\"\n     data-ad-client=\"ca-pub-6355183749387309\"\n     data-ad-slot=\"8560984745\"><\/ins>\n<script>\n     (adsbygoogle = window.adsbygoogle || []).push({});\n<\/script>\n\n\n\n\n<script async src=\"https:\/\/pagead2.googlesyndication.com\/pagead\/js\/adsbygoogle.js?client=ca-pub-6355183749387309\"\n     crossorigin=\"anonymous\"><\/script>\n<ins class=\"adsbygoogle\"\n     style=\"display:block\"\n     data-ad-format=\"fluid\"\n     data-ad-layout-key=\"-eb+6k-30-ac+ty\"\n     data-ad-client=\"ca-pub-6355183749387309\"\n     data-ad-slot=\"9085225786\"><\/ins>\n<script>\n     (adsbygoogle = window.adsbygoogle || []).push({});\n<\/script>\n\n","protected":false},"excerpt":{"rendered":"<p>L\u2019\u00e9ducation occupe une place essentielle dans la vie de chaque individu. Elle commence d\u00e8s l\u2019enfance, au sein de la famille, puis se d\u00e9veloppe \u00e0 l\u2019\u00e9cole et tout au long de la vie. Gr\u00e2ce \u00e0 l\u2019\u00e9ducation, une personne apprend non seulement \u00e0 lire, \u00e9crire et compter, mais aussi \u00e0 comprendre le monde qui l\u2019entoure. \u00c0 l\u2019\u00e9cole,<\/p>\n","protected":false},"author":1,"featured_media":0,"parent":0,"menu_order":0,"comment_status":"closed","ping_status":"open","template":"","meta":{"googlesitekit_rrm_CAows9bFDA:productID":"","footnotes":""},"class_list":["post-54","page","type-page","status-publish","hentry"],"aioseo_notices":[],"_links":{"self":[{"href":"https:\/\/francais2.com\/index.php?rest_route=\/wp\/v2\/pages\/54","targetHints":{"allow":["GET"]}}],"collection":[{"href":"https:\/\/francais2.com\/index.php?rest_route=\/wp\/v2\/pages"}],"about":[{"href":"https:\/\/francais2.com\/index.php?rest_route=\/wp\/v2\/types\/page"}],"author":[{"embeddable":true,"href":"https:\/\/francais2.com\/index.php?rest_route=\/wp\/v2\/users\/1"}],"replies":[{"embeddable":true,"href":"https:\/\/francais2.com\/index.php?rest_route=%2Fwp%2Fv2%2Fcomments&post=54"}],"version-history":[{"count":1,"href":"https:\/\/francais2.com\/index.php?rest_route=\/wp\/v2\/pages\/54\/revisions"}],"predecessor-version":[{"id":1082,"href":"https:\/\/francais2.com\/index.php?rest_route=\/wp\/v2\/pages\/54\/revisions\/1082"}],"wp:attachment":[{"href":"https:\/\/francais2.com\/index.php?rest_route=%2Fwp%2Fv2%2Fmedia&parent=54"}],"curies":[{"name":"wp","href":"https:\/\/api.w.org\/{rel}","templated":true}]}}