{"id":83,"date":"2026-01-13T11:18:24","date_gmt":"2026-01-13T10:18:24","guid":{"rendered":"https:\/\/francais2.com\/?page_id=83"},"modified":"2026-03-17T13:59:26","modified_gmt":"2026-03-17T12:59:26","slug":"redaction","status":"publish","type":"page","link":"https:\/\/francais2.com\/?page_id=83","title":{"rendered":"M\u00e9thodes pour bien r\u00e9diger"},"content":{"rendered":"\n<p class=\"has-medium-font-size\">Bien r\u00e9diger est une comp\u00e9tence essentielle, aussi bien dans le cadre scolaire que professionnel. Une r\u00e9daction claire et efficace permet de transmettre ses id\u00e9es avec pr\u00e9cision, de convaincre et de capter l\u2019attention du lecteur. Pour y parvenir, plusieurs m\u00e9thodes simples et \u00e9prouv\u00e9es peuvent \u00eatre mises en pratique.<\/p>\n\n\n\n<p class=\"has-medium-font-size\">Tout d\u2019abord, la pr\u00e9paration est une \u00e9tape cl\u00e9. Avant d\u2019\u00e9crire, il faut d\u00e9finir l\u2019objectif du texte : informer, expliquer, argumenter ou raconter. Cette clarification aide \u00e0 choisir le ton, le vocabulaire et la structure. Il est \u00e9galement utile d\u2019identifier le public cible afin d\u2019adapter le niveau de langue. Un plan, m\u00eame succinct, permet d\u2019organiser les id\u00e9es de mani\u00e8re logique et d\u2019\u00e9viter les digressions.<\/p>\n\n\n\n<p class=\"has-medium-font-size\">Ensuite, la clart\u00e9 doit guider l\u2019\u00e9criture. Des phrases courtes et bien construites facilitent la compr\u00e9hension. Il est recommand\u00e9 d\u2019utiliser des mots pr\u00e9cis et d\u2019\u00e9viter les termes vagues ou inutiles. Chaque paragraphe devrait d\u00e9velopper une id\u00e9e principale, annonc\u00e9e clairement, puis illustr\u00e9e par des exemples ou des explications. Les connecteurs logiques (donc, cependant, en effet, par cons\u00e9quent) assurent une progression fluide du raisonnement.<\/p>\n\n\n\n<p class=\"has-medium-font-size\">Le style joue \u00e9galement un r\u00f4le important. Une r\u00e9daction efficace n\u2019est pas forc\u00e9ment compliqu\u00e9e : la simplicit\u00e9 est souvent un gage d\u2019\u00e9l\u00e9gance. Varier la longueur des phrases, utiliser des verbes actifs et \u00e9viter les r\u00e9p\u00e9titions rendent le texte plus vivant. Toutefois, il faut rester coh\u00e9rent et maintenir un registre constant du d\u00e9but \u00e0 la fin.<\/p>\n\n\n\n<p class=\"has-medium-font-size\">Enfin, la relecture est indispensable. Relire permet de corriger les fautes d\u2019orthographe, de grammaire et de syntaxe, mais aussi d\u2019am\u00e9liorer la formulation. Il est utile de se demander si chaque phrase apporte une information pertinente. Une relecture \u00e0 voix haute aide souvent \u00e0 rep\u00e9rer les maladresses et les lourdeurs.<\/p>\n\n\n\n<p class=\"has-medium-font-size\">En conclusion, bien r\u00e9diger repose sur une combinaison de pr\u00e9paration, de clart\u00e9, de simplicit\u00e9 et de rigueur. Avec de la pratique et de l\u2019attention aux d\u00e9tails, chacun peut am\u00e9liorer son \u00e9criture et produire des textes efficaces et agr\u00e9ables \u00e0 lire.<\/p>\n\n\n\n\n<script async src=\"https:\/\/pagead2.googlesyndication.com\/pagead\/js\/adsbygoogle.js?client=ca-pub-6355183749387309\"\n     crossorigin=\"anonymous\"><\/script>\n<ins class=\"adsbygoogle\"\n     style=\"display:block; text-align:center;\"\n     data-ad-layout=\"in-article\"\n     data-ad-format=\"fluid\"\n     data-ad-client=\"ca-pub-6355183749387309\"\n     data-ad-slot=\"8560984745\"><\/ins>\n<script>\n     (adsbygoogle = window.adsbygoogle || []).push({});\n<\/script>\n\n\n\n\n<script async src=\"https:\/\/pagead2.googlesyndication.com\/pagead\/js\/adsbygoogle.js?client=ca-pub-6355183749387309\"\n     crossorigin=\"anonymous\"><\/script>\n<ins class=\"adsbygoogle\"\n     style=\"display:block\"\n     data-ad-format=\"fluid\"\n     data-ad-layout-key=\"-eb+6k-30-ac+ty\"\n     data-ad-client=\"ca-pub-6355183749387309\"\n     data-ad-slot=\"9085225786\"><\/ins>\n<script>\n     (adsbygoogle = window.adsbygoogle || []).push({});\n<\/script>\n","protected":false},"excerpt":{"rendered":"<p>Bien r\u00e9diger est une comp\u00e9tence essentielle, aussi bien dans le cadre scolaire que professionnel. Une r\u00e9daction claire et efficace permet de transmettre ses id\u00e9es avec pr\u00e9cision, de convaincre et de capter l\u2019attention du lecteur. Pour y parvenir, plusieurs m\u00e9thodes simples et \u00e9prouv\u00e9es peuvent \u00eatre mises en pratique. Tout d\u2019abord, la pr\u00e9paration est une \u00e9tape cl\u00e9.<\/p>\n","protected":false},"author":1,"featured_media":0,"parent":0,"menu_order":0,"comment_status":"closed","ping_status":"open","template":"","meta":{"googlesitekit_rrm_CAows9bFDA:productID":"","footnotes":""},"class_list":["post-83","page","type-page","status-publish","hentry"],"aioseo_notices":[],"_links":{"self":[{"href":"https:\/\/francais2.com\/index.php?rest_route=\/wp\/v2\/pages\/83","targetHints":{"allow":["GET"]}}],"collection":[{"href":"https:\/\/francais2.com\/index.php?rest_route=\/wp\/v2\/pages"}],"about":[{"href":"https:\/\/francais2.com\/index.php?rest_route=\/wp\/v2\/types\/page"}],"author":[{"embeddable":true,"href":"https:\/\/francais2.com\/index.php?rest_route=\/wp\/v2\/users\/1"}],"replies":[{"embeddable":true,"href":"https:\/\/francais2.com\/index.php?rest_route=%2Fwp%2Fv2%2Fcomments&post=83"}],"version-history":[{"count":1,"href":"https:\/\/francais2.com\/index.php?rest_route=\/wp\/v2\/pages\/83\/revisions"}],"predecessor-version":[{"id":1101,"href":"https:\/\/francais2.com\/index.php?rest_route=\/wp\/v2\/pages\/83\/revisions\/1101"}],"wp:attachment":[{"href":"https:\/\/francais2.com\/index.php?rest_route=%2Fwp%2Fv2%2Fmedia&parent=83"}],"curies":[{"name":"wp","href":"https:\/\/api.w.org\/{rel}","templated":true}]}}